{"id":5854,"date":"2019-05-26T08:51:18","date_gmt":"2019-05-26T06:51:18","guid":{"rendered":"https:\/\/onairshop.fr\/?post_type=product&#038;p=5854"},"modified":"2025-12-09T17:25:40","modified_gmt":"2025-12-09T16:25:40","slug":"saphir-dx8-lte-2x400-w-rms","status":"publish","type":"product","link":"https:\/\/onairshop.fr\/index.php\/produit\/saphir-dx8-lte-2x400-w-rms\/","title":{"rendered":"SAPHIR DX8 LTE &#8211; 2&#215;400 W RMS  (In\u00e9dit Onair.Vision)"},"content":{"rendered":"\t\t<div data-elementor-type=\"wp-post\" data-elementor-id=\"5854\" class=\"elementor elementor-5854\">\n\t\t\t\t\t\t<section class=\"elementor-section elementor-top-section elementor-element elementor-element-7770a1b elementor-section-boxed elementor-section-height-default elementor-section-height-default\" data-id=\"7770a1b\" data-element_type=\"section\" data-e-type=\"section\">\n\t\t\t\t\t\t<div class=\"elementor-container elementor-column-gap-default\">\n\t\t\t\t\t<div class=\"elementor-column elementor-col-100 elementor-top-column elementor-element elementor-element-ef2987e\" data-id=\"ef2987e\" data-element_type=\"column\" data-e-type=\"column\">\n\t\t\t<div class=\"elementor-widget-wrap elementor-element-populated\">\n\t\t\t\t\t\t<div class=\"elementor-element elementor-element-9720932 elementor-widget elementor-widget-text-editor\" data-id=\"9720932\" data-element_type=\"widget\" data-e-type=\"widget\" data-widget_type=\"text-editor.default\">\n\t\t\t\t<div class=\"elementor-widget-container\">\n\t\t\t\t\t\t\t\t\t<div>Le SAPHIR-DX8 LTE est le mod\u00e8le \u00ab\u00a0salon\u00a0\u00bb de la gamme de la s\u00e9rie SAPHIR-DX. Il d\u00e9livre\u00a0 ses 400W rms (sur 8 ohms) sans rechigner \u00e0 la t\u00e2che !<\/div>\t\t\t\t\t\t\t\t<\/div>\n\t\t\t\t<\/div>\n\t\t\t\t\t<\/div>\n\t\t<\/div>\n\t\t\t\t\t<\/div>\n\t\t<\/section>\n\t\t\t\t<section class=\"elementor-section elementor-top-section elementor-element elementor-element-2de03d4 elementor-section-boxed elementor-section-height-default elementor-section-height-default\" data-id=\"2de03d4\" data-element_type=\"section\" data-e-type=\"section\">\n\t\t\t\t\t\t<div class=\"elementor-container elementor-column-gap-default\">\n\t\t\t\t\t<div class=\"elementor-column elementor-col-100 elementor-top-column elementor-element elementor-element-1ea4e9c\" data-id=\"1ea4e9c\" data-element_type=\"column\" data-e-type=\"column\">\n\t\t\t<div class=\"elementor-widget-wrap elementor-element-populated\">\n\t\t\t\t\t\t<div class=\"elementor-element elementor-element-4618714 elementor-widget elementor-widget-text-editor\" data-id=\"4618714\" data-element_type=\"widget\" data-e-type=\"widget\" data-widget_type=\"text-editor.default\">\n\t\t\t\t<div class=\"elementor-widget-container\">\n\t\t\t\t\t\t\t\t\t<p>Le mod\u00e8le <b>SAPHIR-DX8 LTE<\/b> est pourvu des\u00a0 modules de protections ainsi que des concepts g\u00e9n\u00e9raux d\u00e9velopp\u00e9s pour la s\u00e9rie DX8 \u00ab\u00a0Premium\u00a0\u00bb. Le <b>SAPHIR-DX8 LTE<\/b> vous offrira la m\u00eame dynamique et puissance que le DX8 avec une apparence quasi identique. Les vum\u00e8tres pour l&rsquo;occasion de cette version sont r\u00e9tro-\u00e9clair\u00e9 en jaune, de fa\u00e7on traditionnelle pour des vum\u00e8tres.<\/p>\t\t\t\t\t\t\t\t<\/div>\n\t\t\t\t<\/div>\n\t\t\t\t\t<\/div>\n\t\t<\/div>\n\t\t\t\t\t<\/div>\n\t\t<\/section>\n\t\t\t\t<section class=\"elementor-section elementor-top-section elementor-element elementor-element-d837a32 elementor-section-boxed elementor-section-height-default elementor-section-height-default\" data-id=\"d837a32\" data-element_type=\"section\" data-e-type=\"section\">\n\t\t\t\t\t\t<div class=\"elementor-container elementor-column-gap-default\">\n\t\t\t\t\t<div class=\"elementor-column elementor-col-100 elementor-top-column elementor-element elementor-element-ab1db02\" data-id=\"ab1db02\" data-element_type=\"column\" data-e-type=\"column\">\n\t\t\t<div class=\"elementor-widget-wrap elementor-element-populated\">\n\t\t\t\t\t\t<div class=\"elementor-element elementor-element-64a07ac elementor-widget elementor-widget-image\" data-id=\"64a07ac\" data-element_type=\"widget\" data-e-type=\"widget\" data-widget_type=\"image.default\">\n\t\t\t\t<div class=\"elementor-widget-container\">\n\t\t\t\t\t\t\t\t\t\t\t\t\t\t\t<img fetchpriority=\"high\" decoding=\"async\" width=\"1536\" height=\"1025\" src=\"https:\/\/onairshop.fr\/wp-content\/uploads\/2020\/04\/SAPHIR-DX8-LTE-7259-1536x1025.jpg\" class=\"attachment-1536x1536 size-1536x1536 wp-image-5857\" alt=\"\" srcset=\"https:\/\/onairshop.fr\/wp-content\/uploads\/2020\/04\/SAPHIR-DX8-LTE-7259-1536x1025.jpg 1536w, https:\/\/onairshop.fr\/wp-content\/uploads\/2020\/04\/SAPHIR-DX8-LTE-7259-scaled-e1603820657574-64x43.jpg 64w, https:\/\/onairshop.fr\/wp-content\/uploads\/2020\/04\/SAPHIR-DX8-LTE-7259-scaled-580x387.jpg 580w, https:\/\/onairshop.fr\/wp-content\/uploads\/2020\/04\/SAPHIR-DX8-LTE-7259-150x100.jpg 150w, https:\/\/onairshop.fr\/wp-content\/uploads\/2020\/04\/SAPHIR-DX8-LTE-7259-256x171.jpg 256w, https:\/\/onairshop.fr\/wp-content\/uploads\/2020\/04\/SAPHIR-DX8-LTE-7259-768x513.jpg 768w, https:\/\/onairshop.fr\/wp-content\/uploads\/2020\/04\/SAPHIR-DX8-LTE-7259-2048x1367.jpg 2048w, https:\/\/onairshop.fr\/wp-content\/uploads\/2020\/04\/SAPHIR-DX8-LTE-7259-scaled-e1603820657574.jpg 480w\" sizes=\"(max-width: 1536px) 100vw, 1536px\" data-xooWscFly=\"fly\" \/>\t\t\t\t\t\t\t\t\t\t\t\t\t\t\t<\/div>\n\t\t\t\t<\/div>\n\t\t\t\t\t<\/div>\n\t\t<\/div>\n\t\t\t\t\t<\/div>\n\t\t<\/section>\n\t\t\t\t<section class=\"elementor-section elementor-top-section elementor-element elementor-element-1efdcec elementor-section-boxed elementor-section-height-default elementor-section-height-default\" data-id=\"1efdcec\" data-element_type=\"section\" data-e-type=\"section\">\n\t\t\t\t\t\t<div class=\"elementor-container elementor-column-gap-default\">\n\t\t\t\t\t<div class=\"elementor-column elementor-col-100 elementor-top-column elementor-element elementor-element-c98f7d5\" data-id=\"c98f7d5\" data-element_type=\"column\" data-e-type=\"column\">\n\t\t\t<div class=\"elementor-widget-wrap elementor-element-populated\">\n\t\t\t\t\t\t<div class=\"elementor-element elementor-element-56d4daa elementor-widget elementor-widget-text-editor\" data-id=\"56d4daa\" data-element_type=\"widget\" data-e-type=\"widget\" data-widget_type=\"text-editor.default\">\n\t\t\t\t<div class=\"elementor-widget-container\">\n\t\t\t\t\t\t\t\t\t<p>Le mod\u00e8le \u00ab\u00a0<b>LTE<\/b>\u00a0\u00bb n&rsquo;\u00e9tant pas pourvu de ventilation renforc\u00e9e un usage intensif de forte puissance peut engendrer une mise en protection de l\u2019amplificateur. Dans cas , \u00e9teignez-le et attendez 20mn que l&rsquo;ensemble refroidisse.<\/p><p><i>Le module filtre audio pour caisson de basse, le circuit de mise en pont (Bridge) et la ventilation renforc\u00e9e ne sont pas disponibles sur ce mod\u00e8le LTE.<\/i><\/p>\t\t\t\t\t\t\t\t<\/div>\n\t\t\t\t<\/div>\n\t\t\t\t\t<\/div>\n\t\t<\/div>\n\t\t\t\t\t<\/div>\n\t\t<\/section>\n\t\t\t\t<section class=\"elementor-section elementor-top-section elementor-element elementor-element-1a61c3c elementor-section-boxed elementor-section-height-default elementor-section-height-default\" data-id=\"1a61c3c\" data-element_type=\"section\" data-e-type=\"section\">\n\t\t\t\t\t\t<div class=\"elementor-container elementor-column-gap-default\">\n\t\t\t\t\t<div class=\"elementor-column elementor-col-50 elementor-top-column elementor-element elementor-element-31336be\" data-id=\"31336be\" data-element_type=\"column\" data-e-type=\"column\">\n\t\t\t<div class=\"elementor-widget-wrap elementor-element-populated\">\n\t\t\t\t\t\t<div class=\"elementor-element elementor-element-d1f95ee elementor-widget elementor-widget-image\" data-id=\"d1f95ee\" data-element_type=\"widget\" data-e-type=\"widget\" data-widget_type=\"image.default\">\n\t\t\t\t<div class=\"elementor-widget-container\">\n\t\t\t\t\t\t\t\t\t\t\t\t\t\t\t<img decoding=\"async\" width=\"1536\" height=\"1025\" src=\"https:\/\/onairshop.fr\/wp-content\/uploads\/2020\/04\/SAPHIR-DX8-LTE-7260-BR-1536x1025.jpg\" class=\"attachment-1536x1536 size-1536x1536 wp-image-5866\" alt=\"\" srcset=\"https:\/\/onairshop.fr\/wp-content\/uploads\/2020\/04\/SAPHIR-DX8-LTE-7260-BR-1536x1025.jpg 1536w, https:\/\/onairshop.fr\/wp-content\/uploads\/2020\/04\/SAPHIR-DX8-LTE-7260-BR-scaled-480x320.jpg 480w, https:\/\/onairshop.fr\/wp-content\/uploads\/2020\/04\/SAPHIR-DX8-LTE-7260-BR-scaled-580x387.jpg 580w, https:\/\/onairshop.fr\/wp-content\/uploads\/2020\/04\/SAPHIR-DX8-LTE-7260-BR-scaled-64x43.jpg 64w, https:\/\/onairshop.fr\/wp-content\/uploads\/2020\/04\/SAPHIR-DX8-LTE-7260-BR-150x100.jpg 150w, https:\/\/onairshop.fr\/wp-content\/uploads\/2020\/04\/SAPHIR-DX8-LTE-7260-BR-256x171.jpg 256w, https:\/\/onairshop.fr\/wp-content\/uploads\/2020\/04\/SAPHIR-DX8-LTE-7260-BR-768x513.jpg 768w, https:\/\/onairshop.fr\/wp-content\/uploads\/2020\/04\/SAPHIR-DX8-LTE-7260-BR-2048x1367.jpg 2048w\" sizes=\"(max-width: 1536px) 100vw, 1536px\" data-xooWscFly=\"fly\" \/>\t\t\t\t\t\t\t\t\t\t\t\t\t\t\t<\/div>\n\t\t\t\t<\/div>\n\t\t\t\t\t<\/div>\n\t\t<\/div>\n\t\t\t\t<div class=\"elementor-column elementor-col-50 elementor-top-column elementor-element elementor-element-1214b87\" data-id=\"1214b87\" data-element_type=\"column\" data-e-type=\"column\">\n\t\t\t<div class=\"elementor-widget-wrap elementor-element-populated\">\n\t\t\t\t\t\t<div class=\"elementor-element elementor-element-ed182c9 elementor-widget elementor-widget-image\" data-id=\"ed182c9\" data-element_type=\"widget\" data-e-type=\"widget\" data-widget_type=\"image.default\">\n\t\t\t\t<div class=\"elementor-widget-container\">\n\t\t\t\t\t\t\t\t\t\t\t\t\t\t\t<img decoding=\"async\" width=\"1536\" height=\"1025\" src=\"https:\/\/onairshop.fr\/wp-content\/uploads\/2020\/04\/SAPHIR-DX8-LTE-7261-BR-1536x1025.jpg\" class=\"attachment-1536x1536 size-1536x1536 wp-image-5867\" alt=\"\" srcset=\"https:\/\/onairshop.fr\/wp-content\/uploads\/2020\/04\/SAPHIR-DX8-LTE-7261-BR-1536x1025.jpg 1536w, https:\/\/onairshop.fr\/wp-content\/uploads\/2020\/04\/SAPHIR-DX8-LTE-7261-BR-scaled-480x320.jpg 480w, https:\/\/onairshop.fr\/wp-content\/uploads\/2020\/04\/SAPHIR-DX8-LTE-7261-BR-scaled-580x387.jpg 580w, https:\/\/onairshop.fr\/wp-content\/uploads\/2020\/04\/SAPHIR-DX8-LTE-7261-BR-scaled-64x43.jpg 64w, https:\/\/onairshop.fr\/wp-content\/uploads\/2020\/04\/SAPHIR-DX8-LTE-7261-BR-150x100.jpg 150w, https:\/\/onairshop.fr\/wp-content\/uploads\/2020\/04\/SAPHIR-DX8-LTE-7261-BR-256x171.jpg 256w, https:\/\/onairshop.fr\/wp-content\/uploads\/2020\/04\/SAPHIR-DX8-LTE-7261-BR-768x513.jpg 768w, https:\/\/onairshop.fr\/wp-content\/uploads\/2020\/04\/SAPHIR-DX8-LTE-7261-BR-2048x1367.jpg 2048w\" sizes=\"(max-width: 1536px) 100vw, 1536px\" data-xooWscFly=\"fly\" \/>\t\t\t\t\t\t\t\t\t\t\t\t\t\t\t<\/div>\n\t\t\t\t<\/div>\n\t\t\t\t\t<\/div>\n\t\t<\/div>\n\t\t\t\t\t<\/div>\n\t\t<\/section>\n\t\t\t\t<section class=\"elementor-section elementor-top-section elementor-element elementor-element-ff602af elementor-section-boxed elementor-section-height-default elementor-section-height-default\" data-id=\"ff602af\" data-element_type=\"section\" data-e-type=\"section\">\n\t\t\t\t\t\t<div class=\"elementor-container elementor-column-gap-default\">\n\t\t\t\t\t<div class=\"elementor-column elementor-col-100 elementor-top-column elementor-element elementor-element-51c348c\" data-id=\"51c348c\" data-element_type=\"column\" data-e-type=\"column\">\n\t\t\t<div class=\"elementor-widget-wrap elementor-element-populated\">\n\t\t\t\t\t\t<div class=\"elementor-element elementor-element-b97845c elementor-widget elementor-widget-image\" data-id=\"b97845c\" data-element_type=\"widget\" data-e-type=\"widget\" data-widget_type=\"image.default\">\n\t\t\t\t<div class=\"elementor-widget-container\">\n\t\t\t\t\t\t\t\t\t\t\t\t\t\t\t<img loading=\"lazy\" decoding=\"async\" width=\"2560\" height=\"1993\" src=\"https:\/\/onairshop.fr\/wp-content\/uploads\/2019\/09\/Diapositive26-scaled.jpeg\" class=\"attachment-full size-full wp-image-1494\" alt=\"\" srcset=\"https:\/\/onairshop.fr\/wp-content\/uploads\/2019\/09\/Diapositive26-scaled.jpeg 2560w, https:\/\/onairshop.fr\/wp-content\/uploads\/2019\/09\/Diapositive26-scaled-480x374.jpeg 480w, https:\/\/onairshop.fr\/wp-content\/uploads\/2019\/09\/Diapositive26-scaled-580x452.jpeg 580w, https:\/\/onairshop.fr\/wp-content\/uploads\/2019\/09\/Diapositive26-scaled-64x50.jpeg 64w, https:\/\/onairshop.fr\/wp-content\/uploads\/2019\/09\/Diapositive26-150x117.jpeg 150w, https:\/\/onairshop.fr\/wp-content\/uploads\/2019\/09\/Diapositive26-768x598.jpeg 768w, https:\/\/onairshop.fr\/wp-content\/uploads\/2019\/09\/Diapositive26-256x199.jpeg 256w\" sizes=\"(max-width: 2560px) 100vw, 2560px\" data-xooWscFly=\"fly\" \/>\t\t\t\t\t\t\t\t\t\t\t\t\t\t\t<\/div>\n\t\t\t\t<\/div>\n\t\t\t\t\t<\/div>\n\t\t<\/div>\n\t\t\t\t\t<\/div>\n\t\t<\/section>\n\t\t\t\t<section class=\"elementor-section elementor-top-section elementor-element elementor-element-ec01726 elementor-section-boxed elementor-section-height-default elementor-section-height-default\" data-id=\"ec01726\" data-element_type=\"section\" data-e-type=\"section\">\n\t\t\t\t\t\t<div class=\"elementor-container elementor-column-gap-default\">\n\t\t\t\t\t<div class=\"elementor-column elementor-col-100 elementor-top-column elementor-element elementor-element-0b57991\" data-id=\"0b57991\" data-element_type=\"column\" data-e-type=\"column\">\n\t\t\t<div class=\"elementor-widget-wrap elementor-element-populated\">\n\t\t\t\t\t\t<div class=\"elementor-element elementor-element-544f12e elementor-widget elementor-widget-image\" data-id=\"544f12e\" data-element_type=\"widget\" data-e-type=\"widget\" data-widget_type=\"image.default\">\n\t\t\t\t<div class=\"elementor-widget-container\">\n\t\t\t\t\t\t\t\t\t\t\t\t\t\t\t<img loading=\"lazy\" decoding=\"async\" width=\"2560\" height=\"1993\" src=\"https:\/\/onairshop.fr\/wp-content\/uploads\/2019\/09\/Diapositive21-scaled.jpeg\" class=\"attachment-full size-full wp-image-1489\" alt=\"\" srcset=\"https:\/\/onairshop.fr\/wp-content\/uploads\/2019\/09\/Diapositive21-scaled.jpeg 2560w, https:\/\/onairshop.fr\/wp-content\/uploads\/2019\/09\/Diapositive21-scaled-480x374.jpeg 480w, https:\/\/onairshop.fr\/wp-content\/uploads\/2019\/09\/Diapositive21-scaled-580x452.jpeg 580w, https:\/\/onairshop.fr\/wp-content\/uploads\/2019\/09\/Diapositive21-scaled-64x50.jpeg 64w, https:\/\/onairshop.fr\/wp-content\/uploads\/2019\/09\/Diapositive21-150x117.jpeg 150w, https:\/\/onairshop.fr\/wp-content\/uploads\/2019\/09\/Diapositive21-768x598.jpeg 768w, https:\/\/onairshop.fr\/wp-content\/uploads\/2019\/09\/Diapositive21-256x199.jpeg 256w\" sizes=\"(max-width: 2560px) 100vw, 2560px\" data-xooWscFly=\"fly\" \/>\t\t\t\t\t\t\t\t\t\t\t\t\t\t\t<\/div>\n\t\t\t\t<\/div>\n\t\t\t\t\t<\/div>\n\t\t<\/div>\n\t\t\t\t\t<\/div>\n\t\t<\/section>\n\t\t\t\t<\/div>\n\t\t","protected":false},"excerpt":{"rendered":"<p>Le SAPHIR-DX8 <strong>LTE<\/strong> est une version all\u00e9g\u00e9e du SAPHIR-DX8, vous disposez du m\u00eame \u00ab\u00a0moteur\u00a0\u00bb de puissance &hellip; <a href=\"https:\/\/onairshop.fr\/index.php\/produit\/saphir-dx8-lte-2x400-w-rms\/\" class=\"more-link\"><span class=\"readmore\">Continuer la lecture<span class=\"screen-reader-text\">SAPHIR DX8 LTE &#8211; 2&#215;400 W RMS  (In\u00e9dit Onair.Vision)<\/span><\/span><\/a><\/p>\n","protected":false},"featured_media":5856,"comment_status":"open","ping_status":"closed","template":"","meta":[],"product_brand":[],"product_cat":[38],"product_tag":[],"class_list":{"0":"post-5854","1":"product","2":"type-product","3":"status-publish","4":"has-post-thumbnail","6":"product_cat-amplificateurs-hi-fi","8":"first","9":"outofstock","10":"sold-individually","11":"taxable","12":"shipping-taxable","13":"purchasable","14":"product-type-simple"},"_links":{"self":[{"href":"https:\/\/onairshop.fr\/index.php\/wp-json\/wp\/v2\/product\/5854","targetHints":{"allow":["GET"]}}],"collection":[{"href":"https:\/\/onairshop.fr\/index.php\/wp-json\/wp\/v2\/product"}],"about":[{"href":"https:\/\/onairshop.fr\/index.php\/wp-json\/wp\/v2\/types\/product"}],"replies":[{"embeddable":true,"href":"https:\/\/onairshop.fr\/index.php\/wp-json\/wp\/v2\/comments?post=5854"}],"version-history":[{"count":2,"href":"https:\/\/onairshop.fr\/index.php\/wp-json\/wp\/v2\/product\/5854\/revisions"}],"predecessor-version":[{"id":8866,"href":"https:\/\/onairshop.fr\/index.php\/wp-json\/wp\/v2\/product\/5854\/revisions\/8866"}],"wp:featuredmedia":[{"embeddable":true,"href":"https:\/\/onairshop.fr\/index.php\/wp-json\/wp\/v2\/media\/5856"}],"wp:attachment":[{"href":"https:\/\/onairshop.fr\/index.php\/wp-json\/wp\/v2\/media?parent=5854"}],"wp:term":[{"taxonomy":"product_brand","embeddable":true,"href":"https:\/\/onairshop.fr\/index.php\/wp-json\/wp\/v2\/product_brand?post=5854"},{"taxonomy":"product_cat","embeddable":true,"href":"https:\/\/onairshop.fr\/index.php\/wp-json\/wp\/v2\/product_cat?post=5854"},{"taxonomy":"product_tag","embeddable":true,"href":"https:\/\/onairshop.fr\/index.php\/wp-json\/wp\/v2\/product_tag?post=5854"}],"curies":[{"name":"wp","href":"https:\/\/api.w.org\/{rel}","templated":true}]}}